{"id":11,"date":"2025-11-21T15:45:41","date_gmt":"2025-11-21T14:45:41","guid":{"rendered":"https:\/\/startersites.io\/blocksy\/e-bike\/?page_id=11"},"modified":"2026-03-05T09:54:21","modified_gmt":"2026-03-05T08:54:21","slug":"regulamin","status":"publish","type":"page","link":"https:\/\/porticello.pl\/index.php\/regulamin\/","title":{"rendered":"Regulamin Sklepu Internetowego \/ Pizzerii"},"content":{"rendered":"\t\t<div data-elementor-type=\"wp-page\" data-elementor-id=\"11\" class=\"elementor elementor-11\" data-elementor-post-type=\"page\">\n\t\t\t\t<div data-particle_enable=\"false\" data-particle-mobile-disabled=\"false\" class=\"elementor-element elementor-element-4f803be7 e-flex e-con-boxed e-con e-parent\" data-id=\"4f803be7\" data-element_type=\"container\" data-e-type=\"container\">\n\t\t\t\t\t<div class=\"e-con-inner\">\n\t\t\t\t<div class=\"elementor-element elementor-element-7f52cfa elementor-widget elementor-widget-heading\" data-id=\"7f52cfa\" data-element_type=\"widget\" data-e-type=\"widget\" data-widget_type=\"heading.default\">\n\t\t\t\t\t<h2 class=\"elementor-heading-title elementor-size-default\">Regulamin Sklepu Internetowego \/ Pizzerii<\/h2>\t\t\t\t<\/div>\n\t\t\t\t<div class=\"elementor-element elementor-element-10abd62 elementor-widget elementor-widget-text-editor\" data-id=\"10abd62\" data-element_type=\"widget\" data-e-type=\"widget\" data-widget_type=\"text-editor.default\">\n\t\t\t\t\t\t\t\t\t<p>\u00a71. Postanowienia og\u00f3lne<\/p><p>Sklep internetowy dost\u0119pny pod adresem <a href=\"https:\/\/porticello.pl\/\">https:\/\/porticello.pl<\/a> prowadzony jest przez:<\/p><p>Patek Adrian Zak\u0142ad Handlowo-Us\u0142ugowy \u201eADI\u201d<br \/>NIP: 7712610566<br \/>REGON: 100875468<br \/>Adres prowadzenia dzia\u0142alno\u015bci: 40, 97-352 \u0141\u0119ki Szlacheckie, Polska<br \/>Telefon: +48 696 281 282<br \/>E-mail: <a href=\"mailto:piotrkow.porticello@gmail.com\">piotrkow.porticello@gmail.com<\/a><\/p><p>zwany dalej \u201eSprzedawc\u0105\u201d.<\/p><p>Niniejszy Regulamin okre\u015bla zasady korzystania ze strony internetowej, sk\u0142adania zam\u00f3wie\u0144, zawierania um\u00f3w sprzeda\u017cy, dokonywania p\u0142atno\u015bci, realizacji dostawy oraz post\u0119powania reklamacyjnego.<\/p><p>Klientem mo\u017ce by\u0107 osoba fizyczna posiadaj\u0105ca pe\u0142n\u0105 zdolno\u015b\u0107 do czynno\u015bci prawnych.<\/p><p>Korzystanie ze sklepu internetowego oznacza akceptacj\u0119 niniejszego Regulaminu.<\/p><p>\u00a72. Sk\u0142adanie zam\u00f3wie\u0144<\/p><p>Zam\u00f3wienia mo\u017cna sk\u0142ada\u0107:<\/p><p>\u2022 poprzez formularz zam\u00f3wie\u0144 online dost\u0119pny na stronie internetowej,<br \/>\u2022 telefonicznie,<br \/>\u2022 z odbiorem osobistym w lokalu.<\/p><p>W celu z\u0142o\u017cenia zam\u00f3wienia Klient zobowi\u0105zany jest poda\u0107 prawdziwe i kompletne dane niezb\u0119dne do realizacji zam\u00f3wienia, w szczeg\u00f3lno\u015bci: imi\u0119, numer telefonu oraz adres dostawy (je\u015bli dotyczy).<\/p><p>Warunkiem z\u0142o\u017cenia zam\u00f3wienia online jest zaakceptowanie niniejszego Regulaminu poprzez zaznaczenie odpowiedniego pola (checkbox) przed finalizacj\u0105 zam\u00f3wienia.<\/p><p>Umowa sprzeda\u017cy zostaje zawarta w momencie potwierdzenia przyj\u0119cia zam\u00f3wienia przez Sprzedawc\u0119.<\/p><p>\u00a73. Ceny<\/p><p>Wszystkie ceny podane na stronie s\u0105 cenami brutto i zawieraj\u0105 podatek VAT.<\/p><p>Cena wi\u0105\u017c\u0105ca dla Klienta to cena widoczna w chwili sk\u0142adania zam\u00f3wienia.<\/p><p>Koszt dostawy, je\u015bli dotyczy, wskazywany jest przed finalizacj\u0105 zam\u00f3wienia.<\/p><p>Sprzedawca zastrzega sobie prawo do wprowadzania promocji oraz zmian cen. Zmiany te nie maj\u0105 wp\u0142ywu na zam\u00f3wienia ju\u017c z\u0142o\u017cone.<\/p><p>\u00a74. P\u0142atno\u015bci<\/p><p>Dost\u0119pne metody p\u0142atno\u015bci:<\/p><p>\u2022 got\u00f3wka przy odbiorze (je\u015bli dost\u0119pna),<br \/>\u2022 p\u0142atno\u015bci online: BLIK, Visa, Mastercard, szybkie przelewy bankowe.<\/p><p>P\u0142atno\u015bci online realizowane s\u0105 za po\u015brednictwem operatora p\u0142atno\u015bci Przelewy24.<\/p><p>Operatorem kart p\u0142atniczych jest PayPro SA Agent Rozliczeniowy, ul. Pastelowa 8, 60-198 Pozna\u0144, wpisany do Rejestru Przedsi\u0119biorc\u00f3w KRS pod numerem 0000347935, NIP 7792369887, REGON 301345068.<\/p><p>\u00a75. Dostawa i realizacja<\/p><p>Dostawa realizowana jest na obszarze wskazanym na stronie internetowej sklepu.<\/p><p>Orientacyjny czas dostawy wynosi od 30 minut do 2 godzin i 30 minut od momentu przyj\u0119cia zam\u00f3wienia do realizacji.<\/p><p>Podany czas dostawy ma charakter orientacyjny i mo\u017ce ulec zmianie w zale\u017cno\u015bci od liczby zam\u00f3wie\u0144, obci\u0105\u017cenia lokalu, warunk\u00f3w pogodowych, nat\u0119\u017cenia ruchu drogowego oraz innych czynnik\u00f3w niezale\u017cnych od Sprzedawcy.<\/p><p>Klient zobowi\u0105zany jest do podania poprawnego adresu dostawy.<\/p><p>Sprzedawca nie ponosi odpowiedzialno\u015bci za op\u00f3\u017anienia wynikaj\u0105ce z podania nieprawid\u0142owych lub niekompletnych danych przez Klienta.<\/p><p>\u00a76. Prawo odst\u0105pienia od umowy<\/p><p>Zgodnie z art. 38 ustawy o prawach konsumenta prawo odst\u0105pienia od umowy nie przys\u0142uguje w przypadku produkt\u00f3w szybko psuj\u0105cych si\u0119 oraz przygotowywanych na indywidualne zam\u00f3wienie.<\/p><p>Produkty oferowane przez Porticello, w szczeg\u00f3lno\u015bci \u017cywno\u015b\u0107 przygotowywana na bie\u017c\u0105co, nie podlegaj\u0105 zwrotowi po ich przygotowaniu lub dostarczeniu do Klienta.<\/p><p>\u00a77. Reklamacje<\/p><p>Klient ma prawo z\u0142o\u017cy\u0107 reklamacj\u0119 w przypadku:<\/p><p>\u2022 niezgodno\u015bci zam\u00f3wienia z umow\u0105,<br \/>\u2022 braku dostawy,<br \/>\u2022 istotnej wady produktu.<\/p><p>Reklamacje nale\u017cy zg\u0142asza\u0107 drog\u0105 mailow\u0105 lub telefonicznie:<\/p><p>E-mail: <a href=\"mailto:piotrkow.porticello@gmail.com\">piotrkow.porticello@gmail.com<\/a><br \/>Telefon: +48 696 281 282<\/p><p>Reklamacje rozpatrywane s\u0105 w terminie do 14 dni od dnia ich zg\u0142oszenia.<\/p><p>\u00a78. Dane osobowe<\/p><p>Administratorem danych osobowych jest Patek Adrian Zak\u0142ad Handlowo-Us\u0142ugowy \u201eADI\u201d.<\/p><p>Dane osobowe przetwarzane s\u0105 wy\u0142\u0105cznie w celu realizacji zam\u00f3wie\u0144, obs\u0142ugi p\u0142atno\u015bci oraz kontaktu z Klientem w zwi\u0105zku z realizacj\u0105 zam\u00f3wienia.<\/p><p>Szczeg\u00f3\u0142owe informacje dotycz\u0105ce przetwarzania danych osobowych znajduj\u0105 si\u0119 w Polityce Prywatno\u015bci dost\u0119pnej na stronie sklepu.<\/p><p>\u00a79. Postanowienia ko\u0144cowe<\/p><p>Regulamin jest dost\u0119pny nieodp\u0142atnie na stronie internetowej sklepu.<\/p><p>W sprawach nieuregulowanych niniejszym Regulaminem zastosowanie maj\u0105 przepisy prawa polskiego.<\/p><p>Spory wynikaj\u0105ce z realizacji zam\u00f3wie\u0144 rozstrzygane b\u0119d\u0105 przez w\u0142a\u015bciwy s\u0105d powszechny.<\/p><p>Sprzedawca zastrzega sobie prawo do wprowadzania zmian w Regulaminie. Zmiany nie maj\u0105 wp\u0142ywu na zam\u00f3wienia z\u0142o\u017cone przed dniem ich wej\u015bcia w \u017cycie.<\/p><p><a href=\"https:\/\/docs.google.com\/spreadsheets\/d\/108ShBbmq53dZ3zfxmvJP36BVk-ug3mk4hRpsFgR8cY0\/edit?gid=1451279939#gid=1451279939\" target=\"_blank\" rel=\"noopener\"><!-- \/wp:paragraph --><\/a><\/p>\t\t\t\t\t\t\t\t<\/div>\n\t\t\t\t\t<\/div>\n\t\t\t\t<\/div>\n\t\t\t\t<\/div>\n\t\t","protected":false},"excerpt":{"rendered":"<p>Regulamin Sklepu Internetowego \/ Pizzerii \u00a71. Postanowienia og\u00f3lne Sklep internetowy dost\u0119pny pod adresem https:\/\/porticello.pl prowadzony jest przez: Patek Adrian Zak\u0142ad Handlowo-Us\u0142ugowy \u201eADI\u201dNIP: 7712610566REGON: 100875468Adres prowadzenia dzia\u0142alno\u015bci: 40, 97-352 \u0141\u0119ki Szlacheckie, PolskaTelefon: +48 696 281 282E-mail: piotrkow.porticello@gmail.com zwany dalej \u201eSprzedawc\u0105\u201d. Niniejszy Regulamin okre\u015bla zasady korzystania ze strony internetowej, sk\u0142adania zam\u00f3wie\u0144, zawierania um\u00f3w sprzeda\u017cy, dokonywania p\u0142atno\u015bci, realizacji [&hellip;]<\/p>\n","protected":false},"author":1,"featured_media":0,"parent":0,"menu_order":0,"comment_status":"closed","ping_status":"closed","template":"elementor_header_footer","meta":{"footnotes":""},"class_list":["post-11","page","type-page","status-publish","hentry"],"blocksy_meta":[],"jetpack_sharing_enabled":true,"_links":{"self":[{"href":"https:\/\/porticello.pl\/index.php\/wp-json\/wp\/v2\/pages\/11","targetHints":{"allow":["GET"]}}],"collection":[{"href":"https:\/\/porticello.pl\/index.php\/wp-json\/wp\/v2\/pages"}],"about":[{"href":"https:\/\/porticello.pl\/index.php\/wp-json\/wp\/v2\/types\/page"}],"author":[{"embeddable":true,"href":"https:\/\/porticello.pl\/index.php\/wp-json\/wp\/v2\/users\/1"}],"replies":[{"embeddable":true,"href":"https:\/\/porticello.pl\/index.php\/wp-json\/wp\/v2\/comments?post=11"}],"version-history":[{"count":34,"href":"https:\/\/porticello.pl\/index.php\/wp-json\/wp\/v2\/pages\/11\/revisions"}],"predecessor-version":[{"id":2353,"href":"https:\/\/porticello.pl\/index.php\/wp-json\/wp\/v2\/pages\/11\/revisions\/2353"}],"wp:attachment":[{"href":"https:\/\/porticello.pl\/index.php\/wp-json\/wp\/v2\/media?parent=11"}],"curies":[{"name":"wp","href":"https:\/\/api.w.org\/{rel}","templated":true}]}}