{"id":2325,"date":"2026-02-25T11:57:42","date_gmt":"2026-02-25T10:57:42","guid":{"rendered":"https:\/\/porticello.pl\/?page_id=2325"},"modified":"2026-02-25T12:12:30","modified_gmt":"2026-02-25T11:12:30","slug":"kontakt","status":"publish","type":"page","link":"https:\/\/porticello.pl\/index.php\/kontakt\/","title":{"rendered":"Kontakt"},"content":{"rendered":"\t\t<div data-elementor-type=\"wp-page\" data-elementor-id=\"2325\" class=\"elementor elementor-2325\" data-elementor-post-type=\"page\">\n\t\t\t\t<div data-particle_enable=\"false\" data-particle-mobile-disabled=\"false\" class=\"elementor-element elementor-element-259e8d6 e-flex e-con-boxed e-con e-parent\" data-id=\"259e8d6\" data-element_type=\"container\" data-e-type=\"container\">\n\t\t\t\t\t<div class=\"e-con-inner\">\n\t\t<div data-particle_enable=\"false\" data-particle-mobile-disabled=\"false\" class=\"elementor-element elementor-element-693d516 e-con-full e-flex e-con e-child\" data-id=\"693d516\" data-element_type=\"container\" data-e-type=\"container\">\n\t\t\t\t<div class=\"elementor-element elementor-element-ccd902d elementor-widget elementor-widget-text-editor\" data-id=\"ccd902d\" data-element_type=\"widget\" data-e-type=\"widget\" data-widget_type=\"text-editor.default\">\n\t\t\t\t\t\t\t\t\t<p><strong>W\u0142a\u015bcicielem pizzeri Porticello jest:<\/strong><br \/>Patek Adrian Zak\u0142ad Handlowo-Us\u0142ugowy \u201eADI\u201d\u00a0<br \/><strong>NIP:<\/strong> 7712610566<br \/><strong>REGON:<\/strong> 100875468<br \/><strong>Adres:<\/strong> 40 \u0141\u0119ki Szlacheckie, 97-352<br \/><strong>Telefon: <\/strong>+48 696 281 282<br \/><strong>E-mail:<\/strong> piotrkow.porticello@gmail.com<\/p>\t\t\t\t\t\t\t\t<\/div>\n\t\t\t\t<\/div>\n\t\t<div data-particle_enable=\"false\" data-particle-mobile-disabled=\"false\" class=\"elementor-element elementor-element-1e25aff e-con-full e-flex e-con e-child\" data-id=\"1e25aff\" data-element_type=\"container\" data-e-type=\"container\">\n\t\t\t\t<div class=\"elementor-element elementor-element-a50c48e elementor-widget elementor-widget-google_maps\" data-id=\"a50c48e\" data-element_type=\"widget\" data-e-type=\"widget\" data-widget_type=\"google_maps.default\">\n\t\t\t\t\t\t\t<div class=\"elementor-custom-embed\">\n\t\t\t<iframe loading=\"lazy\"\n\t\t\t\t\tsrc=\"https:\/\/maps.google.com\/maps?q=Rzemie%C5%9Blnicza%2024%2C%20Piotrk%C3%B3w%20Trybunalski&#038;t=m&#038;z=10&#038;output=embed&#038;iwloc=near\"\n\t\t\t\t\ttitle=\"Rzemie\u015blnicza 24, Piotrk\u00f3w Trybunalski\"\n\t\t\t\t\taria-label=\"Rzemie\u015blnicza 24, Piotrk\u00f3w Trybunalski\"\n\t\t\t><\/iframe>\n\t\t<\/div>\n\t\t\t\t\t\t<\/div>\n\t\t\t\t<\/div>\n\t\t\t\t\t<\/div>\n\t\t\t\t<\/div>\n\t\t\t\t<\/div>\n\t\t","protected":false},"excerpt":{"rendered":"<p>W\u0142a\u015bcicielem pizzeri Porticello jest:Patek Adrian Zak\u0142ad Handlowo-Us\u0142ugowy \u201eADI\u201d\u00a0NIP: 7712610566REGON: 100875468Adres: 40 \u0141\u0119ki Szlacheckie, 97-352Telefon: +48 696 281 282E-mail: piotrkow.porticello@gmail.com<\/p>\n","protected":false},"author":1,"featured_media":0,"parent":0,"menu_order":0,"comment_status":"closed","ping_status":"closed","template":"","meta":{"footnotes":""},"class_list":["post-2325","page","type-page","status-publish","hentry"],"blocksy_meta":[],"jetpack_sharing_enabled":true,"_links":{"self":[{"href":"https:\/\/porticello.pl\/index.php\/wp-json\/wp\/v2\/pages\/2325","targetHints":{"allow":["GET"]}}],"collection":[{"href":"https:\/\/porticello.pl\/index.php\/wp-json\/wp\/v2\/pages"}],"about":[{"href":"https:\/\/porticello.pl\/index.php\/wp-json\/wp\/v2\/types\/page"}],"author":[{"embeddable":true,"href":"https:\/\/porticello.pl\/index.php\/wp-json\/wp\/v2\/users\/1"}],"replies":[{"embeddable":true,"href":"https:\/\/porticello.pl\/index.php\/wp-json\/wp\/v2\/comments?post=2325"}],"version-history":[{"count":7,"href":"https:\/\/porticello.pl\/index.php\/wp-json\/wp\/v2\/pages\/2325\/revisions"}],"predecessor-version":[{"id":2336,"href":"https:\/\/porticello.pl\/index.php\/wp-json\/wp\/v2\/pages\/2325\/revisions\/2336"}],"wp:attachment":[{"href":"https:\/\/porticello.pl\/index.php\/wp-json\/wp\/v2\/media?parent=2325"}],"curies":[{"name":"wp","href":"https:\/\/api.w.org\/{rel}","templated":true}]}}