{"id":1680,"date":"2025-11-22T18:29:45","date_gmt":"2025-11-22T17:29:45","guid":{"rendered":"https:\/\/porticello.pl\/?post_type=product&#038;p=1680"},"modified":"2026-03-25T12:26:47","modified_gmt":"2026-03-25T11:26:47","slug":"pizza-marinara","status":"publish","type":"product","link":"https:\/\/porticello.pl\/index.php\/product\/pizza-marinara\/","title":{"rendered":"1) Marinara"},"content":{"rendered":"<p data-start=\"1091\" data-end=\"1163\"><strong data-start=\"1091\" data-end=\"1105\">Sk\u0142adniki:<\/strong><br data-start=\"1105\" data-end=\"1108\" \/>Pomidory San Marzano, czosnek, oregano, oliwa z oliwek.<\/p>\n<p data-start=\"841\" data-end=\"1223\">Marinara to jedna z najstarszych i najbardziej autentycznych pizz, jakie powsta\u0142y w Neapolu. W Porticello przygotowujemy j\u0105 wed\u0142ug oryginalnej w\u0142oskiej receptury, opartej wy\u0142\u0105cznie na <strong data-start=\"1025\" data-end=\"1119\">pomid orach San Marzano, \u015bwie\u017cym czosnku, oregano i oliwie z oliwek z pierwszego t\u0142oczenia<\/strong>.<br data-start=\"1120\" data-end=\"1123\" \/>To pizza idealna dla os\u00f3b, kt\u00f3re ceni\u0105 prostot\u0119, naturalno\u015b\u0107 oraz lekki, intensywny pomidorowy smak.<\/p>\n<p data-start=\"1225\" data-end=\"1507\">Dzi\u0119ki wypiekowi w wysokiej temperaturze charakterystyczne neapolita\u0144skie ciasto zyskuje spr\u0119\u017cysto\u015b\u0107 i delikatnie przypieczone brzegi. Marinara jest w pe\u0142ni <strong data-start=\"1382\" data-end=\"1394\">wega\u0144ska<\/strong>, a jednocze\u015bnie niezwykle aromatyczna \u2013 cz\u0119sto wybierana przez klient\u00f3w, kt\u00f3rzy kochaj\u0105 prawdziwe w\u0142oskie smaki.<\/p>\n<p data-start=\"1509\" data-end=\"1684\">Je\u015bli szukasz <strong data-start=\"1523\" data-end=\"1597\">najbardziej klasycznej pizzy neapolita\u0144skiej w Piotrkowie Trybunalskim<\/strong> lub chcesz spr\u00f3bowa\u0107 czego\u015b lekkiego i naturalnego \u2014 Marinara b\u0119dzie idealnym wyborem.<\/p>\n<p data-start=\"1686\" data-end=\"1791\"><strong data-start=\"1686\" data-end=\"1700\">SEO frazy:<\/strong> pizza marinara Piotrk\u00f3w, pizza wega\u0144ska Piotrk\u00f3w, pizza neapolita\u0144ska Piotrk\u00f3w Trybunalski, pizza w\u0142oska Piotrk\u00f3w Trybunalski<\/p>\n","protected":false},"excerpt":{"rendered":"<p>Klasyczna pizza neapolita\u0144ska z oryginalnymi pomidorami San Marzano, czosnkiem, oregano i oliw\u0105.<\/p>\n<p>Kultowy smak prosto z Neapolu \u2013 jedna z najl\u017cejszych i najbardziej aromatycznych pizz w Piotrkowie Trybunalskim.<\/p>\n<p><strong data-start=\"744\" data-end=\"783\">100% naturalnie, wega\u0144sko i w\u0142osko.<\/strong><\/p>\n<p>Cena zawiera wliczone opakowanie na wynos +2.50 z\u0142<\/p>\n","protected":false},"featured_media":1986,"template":"","meta":[],"product_brand":[],"product_cat":[34],"product_tag":[36,37,40,38,39,41],"class_list":{"0":"post-1680","1":"product","2":"type-product","3":"status-publish","4":"has-post-thumbnail","6":"product_cat-pizza","7":"product_tag-pizza-marinara","8":"product_tag-pizza-neapolitanska","9":"product_tag-pizza-piotrkow","10":"product_tag-pizza-weganska","11":"product_tag-pizza-wloska","12":"product_tag-porticello","14":"first","15":"instock","16":"taxable","17":"shipping-taxable","18":"purchasable","19":"product-type-simple"},"jetpack_sharing_enabled":true,"_links":{"self":[{"href":"https:\/\/porticello.pl\/index.php\/wp-json\/wp\/v2\/product\/1680","targetHints":{"allow":["GET"]}}],"collection":[{"href":"https:\/\/porticello.pl\/index.php\/wp-json\/wp\/v2\/product"}],"about":[{"href":"https:\/\/porticello.pl\/index.php\/wp-json\/wp\/v2\/types\/product"}],"wp:featuredmedia":[{"embeddable":true,"href":"https:\/\/porticello.pl\/index.php\/wp-json\/wp\/v2\/media\/1986"}],"wp:attachment":[{"href":"https:\/\/porticello.pl\/index.php\/wp-json\/wp\/v2\/media?parent=1680"}],"wp:term":[{"taxonomy":"product_brand","embeddable":true,"href":"https:\/\/porticello.pl\/index.php\/wp-json\/wp\/v2\/product_brand?post=1680"},{"taxonomy":"product_cat","embeddable":true,"href":"https:\/\/porticello.pl\/index.php\/wp-json\/wp\/v2\/product_cat?post=1680"},{"taxonomy":"product_tag","embeddable":true,"href":"https:\/\/porticello.pl\/index.php\/wp-json\/wp\/v2\/product_tag?post=1680"}],"curies":[{"name":"wp","href":"https:\/\/api.w.org\/{rel}","templated":true}]}}