{"id":1687,"date":"2025-11-22T18:40:49","date_gmt":"2025-11-22T17:40:49","guid":{"rendered":"https:\/\/porticello.pl\/?post_type=product&#038;p=1687"},"modified":"2026-03-25T12:26:15","modified_gmt":"2026-03-25T11:26:15","slug":"5-diavola-dolce","status":"publish","type":"product","link":"https:\/\/porticello.pl\/index.php\/product\/5-diavola-dolce\/","title":{"rendered":"7) Diavola Dolce"},"content":{"rendered":"<h3 data-start=\"5624\" data-end=\"5644\"><strong data-start=\"5628\" data-end=\"5642\">Sk\u0142adniki:<\/strong><\/h3>\n<p data-start=\"5645\" data-end=\"5733\">Pomidory San Marzano, Grana Padano, Mozzarella FDL, salsiccia piccante, mascarpone, mi\u00f3d<\/p>\n<p data-start=\"5947\" data-end=\"6235\">Diavola dolce to po\u0142\u0105czenie ognia i s\u0142odyczy w jednej pizzy. Ostra salsiccia piccante miesza si\u0119 z kremowym mascarpone, a mi\u00f3d prze\u0142amuje ostro\u015b\u0107 idealn\u0105 nut\u0105 s\u0142odko\u015bci.<br data-start=\"6116\" data-end=\"6119\" \/>Na bazie pomidor\u00f3w San Marzano, Mozzarelli FDL i Grana Padano powstaje kompozycja, kt\u00f3ra zachwyca z\u0142o\u017cono\u015bci\u0105 smaku.<\/p>\n<p data-start=\"6237\" data-end=\"6361\">To pizza idealna dla os\u00f3b, kt\u00f3re lubi\u0105 nieoczywiste, intensywne po\u0142\u0105czenia. Jedna z najcz\u0119\u015bciej wybieranych pozycji premium.<\/p>\n<p data-start=\"6363\" data-end=\"6480\"><strong data-start=\"6363\" data-end=\"6386\">S\u0142owa kluczowe SEO:<\/strong><br data-start=\"6386\" data-end=\"6389\" \/>pizza diavola dolce piotrk\u00f3w, pizza ostra, salsiccia, pizza 32 cm, pizza premium porticello<\/p>\n","protected":false},"excerpt":{"rendered":"<p>Wyj\u0105tkowa pizza 32 cm \u0142\u0105cz\u0105ca ostro\u015b\u0107 salsiccii piccante i s\u0142odycz miodu z delikatnym mascarpone. Najbardziej zaskakuj\u0105ca pozycja w Porticello.<\/p>\n<p>Cena zawiera wliczone opakowanie na wynos +2.50 z\u0142<\/p>\n","protected":false},"featured_media":1882,"template":"","meta":[],"product_brand":[],"product_cat":[34],"product_tag":[51,52,40,54,41,53],"class_list":{"0":"post-1687","1":"product","2":"type-product","3":"status-publish","4":"has-post-thumbnail","6":"product_cat-pizza","7":"product_tag-pizza-diavola","8":"product_tag-pizza-ostra","9":"product_tag-pizza-piotrkow","10":"product_tag-pizza-slodko-pikantna","11":"product_tag-porticello","12":"product_tag-salsiccia-piccante","14":"first","15":"instock","16":"taxable","17":"shipping-taxable","18":"purchasable","19":"product-type-simple"},"jetpack_sharing_enabled":true,"_links":{"self":[{"href":"https:\/\/porticello.pl\/index.php\/wp-json\/wp\/v2\/product\/1687","targetHints":{"allow":["GET"]}}],"collection":[{"href":"https:\/\/porticello.pl\/index.php\/wp-json\/wp\/v2\/product"}],"about":[{"href":"https:\/\/porticello.pl\/index.php\/wp-json\/wp\/v2\/types\/product"}],"wp:featuredmedia":[{"embeddable":true,"href":"https:\/\/porticello.pl\/index.php\/wp-json\/wp\/v2\/media\/1882"}],"wp:attachment":[{"href":"https:\/\/porticello.pl\/index.php\/wp-json\/wp\/v2\/media?parent=1687"}],"wp:term":[{"taxonomy":"product_brand","embeddable":true,"href":"https:\/\/porticello.pl\/index.php\/wp-json\/wp\/v2\/product_brand?post=1687"},{"taxonomy":"product_cat","embeddable":true,"href":"https:\/\/porticello.pl\/index.php\/wp-json\/wp\/v2\/product_cat?post=1687"},{"taxonomy":"product_tag","embeddable":true,"href":"https:\/\/porticello.pl\/index.php\/wp-json\/wp\/v2\/product_tag?post=1687"}],"curies":[{"name":"wp","href":"https:\/\/api.w.org\/{rel}","templated":true}]}}