{"id":1688,"date":"2025-11-22T18:41:42","date_gmt":"2025-11-22T17:41:42","guid":{"rendered":"https:\/\/porticello.pl\/?post_type=product&#038;p=1688"},"modified":"2026-03-25T12:26:16","modified_gmt":"2026-03-25T11:26:16","slug":"6-nduja-piccante","status":"publish","type":"product","link":"https:\/\/porticello.pl\/index.php\/product\/6-nduja-piccante\/","title":{"rendered":"8) Nduja Piccante"},"content":{"rendered":"<h3 data-start=\"6887\" data-end=\"6907\"><strong data-start=\"6891\" data-end=\"6905\">Sk\u0142adniki:<\/strong><\/h3>\n<p data-start=\"6908\" data-end=\"7011\">Pomidory San Marzano, Grana Padano, Mozzarella FDL, spianata piccante, nduja, papryczki jalape\u00f1o, oliwa<\/p>\n<p data-start=\"7200\" data-end=\"7499\">Nduja piccante to pizza dla prawdziwych mi\u0142o\u015bnik\u00f3w ostro\u015bci. Wykorzystujemy w niej oryginaln\u0105 w\u0142osk\u0105 nduj\u0119, pikantn\u0105 spianat\u0119 oraz \u015bwie\u017ce papryczki jalape\u00f1o, kt\u00f3re nadaj\u0105 jej pot\u0119\u017cnej intensywno\u015bci.<br data-start=\"7398\" data-end=\"7401\" \/>Mozzarella FDL i Grana Padano r\u00f3wnowa\u017c\u0105 ostro\u015b\u0107, tworz\u0105c pizz\u0119 zbalansowan\u0105, ale naprawd\u0119 ognist\u0105.<\/p>\n<p data-start=\"7501\" data-end=\"7635\">To jedna z najbardziej pikantnych pizz w Porticello i idealny wyb\u00f3r dla os\u00f3b, kt\u00f3re lubi\u0105 poczu\u0107 charakter w\u0142oskiej kuchni \u201ena ostro\u201d.<\/p>\n<p data-start=\"7637\" data-end=\"7755\"><strong data-start=\"7637\" data-end=\"7660\">S\u0142owa kluczowe SEO:<\/strong><br data-start=\"7660\" data-end=\"7663\" \/>pizza nduja piotrk\u00f3w, pizza ostra, spianata piccante, jalapeno pizza, pizza 32 cm porticello<\/p>\n","protected":false},"excerpt":{"rendered":"<p>Wyj\u0105tkowo ostra pizza 32 cm z w\u0142osk\u0105 nduj\u0105, spianat\u0105 piccante i papryczkami jalape\u00f1o. Dla fan\u00f3w intensywno\u015bci i ognia.<\/p>\n<p>Cena zawiera wliczone opakowanie na wynos +2.50 z\u0142<\/p>\n","protected":false},"featured_media":2349,"template":"","meta":[],"product_brand":[],"product_cat":[34],"product_tag":[57,55,52,40,41,56],"class_list":{"0":"post-1688","1":"product","2":"type-product","3":"status-publish","4":"has-post-thumbnail","6":"product_cat-pizza","7":"product_tag-jalapeno","8":"product_tag-pizza-nduja","9":"product_tag-pizza-ostra","10":"product_tag-pizza-piotrkow","11":"product_tag-porticello","12":"product_tag-spianata-piccante","14":"first","15":"instock","16":"taxable","17":"shipping-taxable","18":"purchasable","19":"product-type-simple"},"jetpack_sharing_enabled":true,"_links":{"self":[{"href":"https:\/\/porticello.pl\/index.php\/wp-json\/wp\/v2\/product\/1688","targetHints":{"allow":["GET"]}}],"collection":[{"href":"https:\/\/porticello.pl\/index.php\/wp-json\/wp\/v2\/product"}],"about":[{"href":"https:\/\/porticello.pl\/index.php\/wp-json\/wp\/v2\/types\/product"}],"wp:featuredmedia":[{"embeddable":true,"href":"https:\/\/porticello.pl\/index.php\/wp-json\/wp\/v2\/media\/2349"}],"wp:attachment":[{"href":"https:\/\/porticello.pl\/index.php\/wp-json\/wp\/v2\/media?parent=1688"}],"wp:term":[{"taxonomy":"product_brand","embeddable":true,"href":"https:\/\/porticello.pl\/index.php\/wp-json\/wp\/v2\/product_brand?post=1688"},{"taxonomy":"product_cat","embeddable":true,"href":"https:\/\/porticello.pl\/index.php\/wp-json\/wp\/v2\/product_cat?post=1688"},{"taxonomy":"product_tag","embeddable":true,"href":"https:\/\/porticello.pl\/index.php\/wp-json\/wp\/v2\/product_tag?post=1688"}],"curies":[{"name":"wp","href":"https:\/\/api.w.org\/{rel}","templated":true}]}}