{"id":1716,"date":"2025-11-22T19:52:05","date_gmt":"2025-11-22T18:52:05","guid":{"rendered":"https:\/\/porticello.pl\/?post_type=product&#038;p=1716"},"modified":"2025-11-23T17:49:28","modified_gmt":"2025-11-23T16:49:28","slug":"coca-cola-05-l-pet","status":"publish","type":"product","link":"https:\/\/porticello.pl\/index.php\/product\/coca-cola-05-l-pet\/","title":{"rendered":"Coca Cola"},"content":{"rendered":"<p data-start=\"1428\" data-end=\"1633\">Coca-Cola to najbardziej kultowy gazowany nap\u00f3j na \u015bwiecie.<br \/>\nIdealnie pasuje do wyrazistych smak\u00f3w pizzy neapolita\u0144skiej.<\/p>\n<p data-start=\"1428\" data-end=\"1633\">Dost\u0119pna w wersji 0,33 L oraz 0,5 L PET \u2013 wybierz ulubion\u0105 pojemno\u015b\u0107 i dodaj do zam\u00f3wienia.<\/p>\n","protected":false},"excerpt":{"rendered":"<p>Klasyczna Coca-Cola w dw\u00f3ch wariantach pojemno\u015bci.<\/p>\n","protected":false},"featured_media":1824,"template":"","meta":[],"product_brand":[],"product_cat":[35],"product_tag":[112,121,122,114,104,68,66,41],"class_list":{"0":"post-1716","1":"product","2":"type-product","3":"status-publish","4":"has-post-thumbnail","6":"product_cat-napoje","7":"product_tag-coca-cola","8":"product_tag-cola-0-33","9":"product_tag-cola-0-5-pet","10":"product_tag-cola-pet","11":"product_tag-napoje-gazowane","12":"product_tag-piotrkow","13":"product_tag-pizza","14":"product_tag-porticello","16":"first","17":"instock","18":"taxable","19":"shipping-taxable","20":"purchasable","21":"product-type-variable","22":"has-default-attributes"},"jetpack_sharing_enabled":true,"_links":{"self":[{"href":"https:\/\/porticello.pl\/index.php\/wp-json\/wp\/v2\/product\/1716","targetHints":{"allow":["GET"]}}],"collection":[{"href":"https:\/\/porticello.pl\/index.php\/wp-json\/wp\/v2\/product"}],"about":[{"href":"https:\/\/porticello.pl\/index.php\/wp-json\/wp\/v2\/types\/product"}],"wp:featuredmedia":[{"embeddable":true,"href":"https:\/\/porticello.pl\/index.php\/wp-json\/wp\/v2\/media\/1824"}],"wp:attachment":[{"href":"https:\/\/porticello.pl\/index.php\/wp-json\/wp\/v2\/media?parent=1716"}],"wp:term":[{"taxonomy":"product_brand","embeddable":true,"href":"https:\/\/porticello.pl\/index.php\/wp-json\/wp\/v2\/product_brand?post=1716"},{"taxonomy":"product_cat","embeddable":true,"href":"https:\/\/porticello.pl\/index.php\/wp-json\/wp\/v2\/product_cat?post=1716"},{"taxonomy":"product_tag","embeddable":true,"href":"https:\/\/porticello.pl\/index.php\/wp-json\/wp\/v2\/product_tag?post=1716"}],"curies":[{"name":"wp","href":"https:\/\/api.w.org\/{rel}","templated":true}]}}