{"id":1799,"date":"2025-11-23T17:06:23","date_gmt":"2025-11-23T16:06:23","guid":{"rendered":"https:\/\/porticello.pl\/?post_type=product&#038;p=1799"},"modified":"2025-11-23T17:48:30","modified_gmt":"2025-11-23T16:48:30","slug":"coca-cola-zero","status":"publish","type":"product","link":"https:\/\/porticello.pl\/index.php\/product\/coca-cola-zero\/","title":{"rendered":"Coca Cola ZERO"},"content":{"rendered":"<p>Coca-Cola Zero to idealna alternatywa dla os\u00f3b, kt\u00f3re chc\u0105 pe\u0142nego smaku Coli, ale bez cukru.<br \/>\nTo jeden z najbardziej popularnych napoj\u00f3w wybieranych w Porticello.<br \/>\n\u015awietnie pasuje do ka\u017cdej pizzy i makaronu, a dost\u0119pno\u015b\u0107 0,33 L oraz 0,5 L PET pozwala wybra\u0107 idealn\u0105 pojemno\u015b\u0107.<br \/>\nLekka, orze\u017awiaj\u0105ca i bez kalorii.<\/p>\n","protected":false},"excerpt":{"rendered":"<p>Coca-Cola Zero \u2013 pe\u0142ny smak bez cukru. Idealna do pizzy Porticello.<\/p>\n","protected":false},"featured_media":1828,"template":"","meta":[],"product_brand":[],"product_cat":[35],"product_tag":[115,143,144,145],"class_list":{"0":"post-1799","1":"product","2":"type-product","3":"status-publish","4":"has-post-thumbnail","6":"product_cat-napoje","7":"product_tag-coca-cola-zero","8":"product_tag-cola-zero-0-33","9":"product_tag-cola-zero-0-5","10":"product_tag-napoje-zero-cukru","12":"first","13":"instock","14":"taxable","15":"shipping-taxable","16":"purchasable","17":"product-type-variable"},"jetpack_sharing_enabled":true,"_links":{"self":[{"href":"https:\/\/porticello.pl\/index.php\/wp-json\/wp\/v2\/product\/1799","targetHints":{"allow":["GET"]}}],"collection":[{"href":"https:\/\/porticello.pl\/index.php\/wp-json\/wp\/v2\/product"}],"about":[{"href":"https:\/\/porticello.pl\/index.php\/wp-json\/wp\/v2\/types\/product"}],"wp:featuredmedia":[{"embeddable":true,"href":"https:\/\/porticello.pl\/index.php\/wp-json\/wp\/v2\/media\/1828"}],"wp:attachment":[{"href":"https:\/\/porticello.pl\/index.php\/wp-json\/wp\/v2\/media?parent=1799"}],"wp:term":[{"taxonomy":"product_brand","embeddable":true,"href":"https:\/\/porticello.pl\/index.php\/wp-json\/wp\/v2\/product_brand?post=1799"},{"taxonomy":"product_cat","embeddable":true,"href":"https:\/\/porticello.pl\/index.php\/wp-json\/wp\/v2\/product_cat?post=1799"},{"taxonomy":"product_tag","embeddable":true,"href":"https:\/\/porticello.pl\/index.php\/wp-json\/wp\/v2\/product_tag?post=1799"}],"curies":[{"name":"wp","href":"https:\/\/api.w.org\/{rel}","templated":true}]}}