{"id":1829,"date":"2025-11-23T17:52:41","date_gmt":"2025-11-23T16:52:41","guid":{"rendered":"https:\/\/porticello.pl\/?post_type=product&#038;p=1829"},"modified":"2025-11-23T17:52:42","modified_gmt":"2025-11-23T16:52:42","slug":"woda-kropla-beskidu","status":"publish","type":"product","link":"https:\/\/porticello.pl\/index.php\/product\/woda-kropla-beskidu\/","title":{"rendered":"Woda Kropla Beskidu"},"content":{"rendered":"<p>Kropla Beskidu to orze\u017awiaj\u0105ca, naturalna woda mineralna dost\u0119pna w wariantach gazowanych i niegazowanych.<br \/>\nJej \u0142agodny smak sprawia, \u017ce doskonale pasuje do da\u0144 kuchni w\u0142oskiej.<br \/>\nIdealna, je\u015bli szukasz lekkiego napoju, kt\u00f3ry gasi pragnienie i nie dominuje smaku jedzenia.<\/p>\n","protected":false},"excerpt":{"rendered":"<p>Delikatna, lekka woda mineralna \u2013 gazowana i niegazowana. Idealna do ka\u017cdej pizzy.<\/p>\n","protected":false},"featured_media":1832,"template":"","meta":[],"product_brand":[],"product_cat":[35],"product_tag":[74,150,76,75],"class_list":{"0":"post-1829","1":"product","2":"type-product","3":"status-publish","4":"has-post-thumbnail","6":"product_cat-napoje","7":"product_tag-kropla-beskidu","8":"product_tag-napoje-porticello","9":"product_tag-woda-gazowana","10":"product_tag-woda-niegazowana","12":"first","13":"instock","14":"taxable","15":"shipping-taxable","16":"purchasable","17":"product-type-variable"},"jetpack_sharing_enabled":true,"_links":{"self":[{"href":"https:\/\/porticello.pl\/index.php\/wp-json\/wp\/v2\/product\/1829","targetHints":{"allow":["GET"]}}],"collection":[{"href":"https:\/\/porticello.pl\/index.php\/wp-json\/wp\/v2\/product"}],"about":[{"href":"https:\/\/porticello.pl\/index.php\/wp-json\/wp\/v2\/types\/product"}],"wp:featuredmedia":[{"embeddable":true,"href":"https:\/\/porticello.pl\/index.php\/wp-json\/wp\/v2\/media\/1832"}],"wp:attachment":[{"href":"https:\/\/porticello.pl\/index.php\/wp-json\/wp\/v2\/media?parent=1829"}],"wp:term":[{"taxonomy":"product_brand","embeddable":true,"href":"https:\/\/porticello.pl\/index.php\/wp-json\/wp\/v2\/product_brand?post=1829"},{"taxonomy":"product_cat","embeddable":true,"href":"https:\/\/porticello.pl\/index.php\/wp-json\/wp\/v2\/product_cat?post=1829"},{"taxonomy":"product_tag","embeddable":true,"href":"https:\/\/porticello.pl\/index.php\/wp-json\/wp\/v2\/product_tag?post=1829"}],"curies":[{"name":"wp","href":"https:\/\/api.w.org\/{rel}","templated":true}]}}