{"id":1833,"date":"2025-11-23T17:56:01","date_gmt":"2025-11-23T16:56:01","guid":{"rendered":"https:\/\/porticello.pl\/?post_type=product&#038;p=1833"},"modified":"2025-11-23T18:33:47","modified_gmt":"2025-11-23T17:33:47","slug":"san-pellegrino","status":"publish","type":"product","link":"https:\/\/porticello.pl\/index.php\/product\/san-pellegrino\/","title":{"rendered":"San Pellegrino"},"content":{"rendered":"<p>San Pellegrino to legendarna w\u0142oska marka napoj\u00f3w premium. W naszej ofercie znajdziesz Aranciata, Aranciata Amara, Aranciata Rossa (natural), Limonata i Chino \u2014 ka\u017cdy o intensywnym, naturalnym owocowym profilu. To napoje stworzone do kuchni w\u0142oskiej: \u015bwie\u017ce, aromatyczne i wyraziste. Doskona\u0142e do pizzy, makaron\u00f3w, focaccii i przystawek.<\/p>\n","protected":false},"excerpt":{"rendered":"<p>W\u0142oskie napoje premium w kultowych smakach \u2013 idealny dodatek do pizzy neapolita\u0144skiej.<\/p>\n","protected":false},"featured_media":1839,"template":"","meta":[],"product_brand":[],"product_cat":[35],"product_tag":[78,84,83,79,77],"class_list":{"0":"post-1833","1":"product","2":"type-product","3":"status-publish","4":"has-post-thumbnail","6":"product_cat-napoje","7":"product_tag-aranciata","8":"product_tag-limonata","9":"product_tag-napoje-premium","10":"product_tag-napoje-wloskie","11":"product_tag-san-pellegrino","13":"first","14":"instock","15":"taxable","16":"shipping-taxable","17":"purchasable","18":"product-type-variable","19":"has-default-attributes"},"jetpack_sharing_enabled":true,"_links":{"self":[{"href":"https:\/\/porticello.pl\/index.php\/wp-json\/wp\/v2\/product\/1833","targetHints":{"allow":["GET"]}}],"collection":[{"href":"https:\/\/porticello.pl\/index.php\/wp-json\/wp\/v2\/product"}],"about":[{"href":"https:\/\/porticello.pl\/index.php\/wp-json\/wp\/v2\/types\/product"}],"wp:featuredmedia":[{"embeddable":true,"href":"https:\/\/porticello.pl\/index.php\/wp-json\/wp\/v2\/media\/1839"}],"wp:attachment":[{"href":"https:\/\/porticello.pl\/index.php\/wp-json\/wp\/v2\/media?parent=1833"}],"wp:term":[{"taxonomy":"product_brand","embeddable":true,"href":"https:\/\/porticello.pl\/index.php\/wp-json\/wp\/v2\/product_brand?post=1833"},{"taxonomy":"product_cat","embeddable":true,"href":"https:\/\/porticello.pl\/index.php\/wp-json\/wp\/v2\/product_cat?post=1833"},{"taxonomy":"product_tag","embeddable":true,"href":"https:\/\/porticello.pl\/index.php\/wp-json\/wp\/v2\/product_tag?post=1833"}],"curies":[{"name":"wp","href":"https:\/\/api.w.org\/{rel}","templated":true}]}}