{"id":1844,"date":"2025-11-23T17:59:11","date_gmt":"2025-11-23T16:59:11","guid":{"rendered":"https:\/\/porticello.pl\/?post_type=product&#038;p=1844"},"modified":"2025-11-23T17:59:47","modified_gmt":"2025-11-23T16:59:47","slug":"fondi-di-crodo","status":"publish","type":"product","link":"https:\/\/porticello.pl\/index.php\/product\/fondi-di-crodo\/","title":{"rendered":"Fondi Di Crodo"},"content":{"rendered":"<p>Fondi Di Crodo to intensywnie orze\u017awiaj\u0105ce w\u0142oskie napoje cytrusowe.<br \/>\nDost\u0119pne w wersjach Lemon Soda, Oran Soda oraz Lemon Soda Mojito.<br \/>\nKa\u017cdy z nich cechuje si\u0119 \u015bwie\u017cym, naturalnym smakiem, kt\u00f3ry \u015bwietnie pasuje do wyrazistej pizzy neapolita\u0144skiej.<br \/>\nTo nap\u00f3j dla os\u00f3b, kt\u00f3re lubi\u0105 w\u0142oskie klimaty i mocno cytrusowe akcenty.<\/p>\n","protected":false},"excerpt":{"rendered":"<p>W\u0142oskie cytrusowe napoje w kultowych smakach. Idealne orze\u017awienie do pizzy.<\/p>\n","protected":false},"featured_media":1848,"template":"","meta":[],"product_brand":[],"product_cat":[35],"product_tag":[88,89,151,79,91],"class_list":{"0":"post-1844","1":"product","2":"type-product","3":"status-publish","4":"has-post-thumbnail","6":"product_cat-napoje","7":"product_tag-fondi-di-crodo","8":"product_tag-lemon-soda","9":"product_tag-mojito-soda","10":"product_tag-napoje-wloskie","11":"product_tag-oran-soda","13":"first","14":"instock","15":"taxable","16":"shipping-taxable","17":"purchasable","18":"product-type-variable","19":"has-default-attributes"},"jetpack_sharing_enabled":true,"_links":{"self":[{"href":"https:\/\/porticello.pl\/index.php\/wp-json\/wp\/v2\/product\/1844","targetHints":{"allow":["GET"]}}],"collection":[{"href":"https:\/\/porticello.pl\/index.php\/wp-json\/wp\/v2\/product"}],"about":[{"href":"https:\/\/porticello.pl\/index.php\/wp-json\/wp\/v2\/types\/product"}],"wp:featuredmedia":[{"embeddable":true,"href":"https:\/\/porticello.pl\/index.php\/wp-json\/wp\/v2\/media\/1848"}],"wp:attachment":[{"href":"https:\/\/porticello.pl\/index.php\/wp-json\/wp\/v2\/media?parent=1844"}],"wp:term":[{"taxonomy":"product_brand","embeddable":true,"href":"https:\/\/porticello.pl\/index.php\/wp-json\/wp\/v2\/product_brand?post=1844"},{"taxonomy":"product_cat","embeddable":true,"href":"https:\/\/porticello.pl\/index.php\/wp-json\/wp\/v2\/product_cat?post=1844"},{"taxonomy":"product_tag","embeddable":true,"href":"https:\/\/porticello.pl\/index.php\/wp-json\/wp\/v2\/product_tag?post=1844"}],"curies":[{"name":"wp","href":"https:\/\/api.w.org\/{rel}","templated":true}]}}