{"id":1852,"date":"2025-11-23T18:29:17","date_gmt":"2025-11-23T17:29:17","guid":{"rendered":"https:\/\/porticello.pl\/?post_type=product&#038;p=1852"},"modified":"2026-02-03T12:37:07","modified_gmt":"2026-02-03T11:37:07","slug":"cappy","status":"publish","type":"product","link":"https:\/\/porticello.pl\/index.php\/product\/cappy\/","title":{"rendered":"Cappy"},"content":{"rendered":"<p>Cappy to delikatne, naturalne soki owocowe, idealne dla os\u00f3b, kt\u00f3re wol\u0105 co\u015b lekkiego i niegazowanego.<br \/>\nDost\u0119pne w smakach jab\u0142ko, multivitamina oraz pomara\u0144cza.<br \/>\n\u015awietnie pasuj\u0105 do l\u017cejszych pizz, makaron\u00f3w i da\u0144 bezmi\u0119snych.<\/p>\n","protected":false},"excerpt":{"rendered":"<p>Naturalne soki owocowe w trzech klasycznych smakach.<\/p>\n","protected":false},"featured_media":1857,"template":"","meta":[],"product_brand":[],"product_cat":[35],"product_tag":[95,162,97,161,102],"class_list":{"0":"post-1852","1":"product","2":"type-product","3":"status-publish","4":"has-post-thumbnail","6":"product_cat-napoje","7":"product_tag-cappy","8":"product_tag-napoje-niegazowane","9":"product_tag-sok-jablkowy","10":"product_tag-sok-multiwitamina","11":"product_tag-sok-pomaranczowy","13":"first","14":"instock","15":"taxable","16":"shipping-taxable","17":"purchasable","18":"product-type-variable","19":"has-default-attributes"},"jetpack_sharing_enabled":true,"_links":{"self":[{"href":"https:\/\/porticello.pl\/index.php\/wp-json\/wp\/v2\/product\/1852","targetHints":{"allow":["GET"]}}],"collection":[{"href":"https:\/\/porticello.pl\/index.php\/wp-json\/wp\/v2\/product"}],"about":[{"href":"https:\/\/porticello.pl\/index.php\/wp-json\/wp\/v2\/types\/product"}],"wp:featuredmedia":[{"embeddable":true,"href":"https:\/\/porticello.pl\/index.php\/wp-json\/wp\/v2\/media\/1857"}],"wp:attachment":[{"href":"https:\/\/porticello.pl\/index.php\/wp-json\/wp\/v2\/media?parent=1852"}],"wp:term":[{"taxonomy":"product_brand","embeddable":true,"href":"https:\/\/porticello.pl\/index.php\/wp-json\/wp\/v2\/product_brand?post=1852"},{"taxonomy":"product_cat","embeddable":true,"href":"https:\/\/porticello.pl\/index.php\/wp-json\/wp\/v2\/product_cat?post=1852"},{"taxonomy":"product_tag","embeddable":true,"href":"https:\/\/porticello.pl\/index.php\/wp-json\/wp\/v2\/product_tag?post=1852"}],"curies":[{"name":"wp","href":"https:\/\/api.w.org\/{rel}","templated":true}]}}