{"id":1867,"date":"2025-11-23T18:14:48","date_gmt":"2025-11-23T17:14:48","guid":{"rendered":"https:\/\/porticello.pl\/?post_type=product&#038;p=1867"},"modified":"2025-11-23T18:14:49","modified_gmt":"2025-11-23T17:14:49","slug":"fanta","status":"publish","type":"product","link":"https:\/\/porticello.pl\/index.php\/product\/fanta\/","title":{"rendered":"Fanta"},"content":{"rendered":"<p>Fanta to intensywnie pomara\u0144czowy nap\u00f3j gazowany, uwielbiany zar\u00f3wno przez dzieci, jak i doros\u0142ych.<br \/>\nIdealnie pasuje do pikantnych pizz i sma\u017conych dodatk\u00f3w.<br \/>\nDost\u0119pna w wersjach 0,33 L i 0,5 L PET.<\/p>\n","protected":false},"excerpt":{"rendered":"<p>Klasyczna pomara\u0144czowa Fanta \u2013 s\u0142odka i orze\u017awiaj\u0105ca.<\/p>\n","protected":false},"featured_media":1870,"template":"","meta":[],"product_brand":[],"product_cat":[35],"product_tag":[107,156,157,155],"class_list":{"0":"post-1867","1":"product","2":"type-product","3":"status-publish","4":"has-post-thumbnail","6":"product_cat-napoje","7":"product_tag-fanta","8":"product_tag-fanta-0-33","9":"product_tag-fanta-0-5-pet","10":"product_tag-fanta-pomaranczowa","12":"first","13":"instock","14":"taxable","15":"shipping-taxable","16":"purchasable","17":"product-type-variable","18":"has-default-attributes"},"jetpack_sharing_enabled":true,"_links":{"self":[{"href":"https:\/\/porticello.pl\/index.php\/wp-json\/wp\/v2\/product\/1867","targetHints":{"allow":["GET"]}}],"collection":[{"href":"https:\/\/porticello.pl\/index.php\/wp-json\/wp\/v2\/product"}],"about":[{"href":"https:\/\/porticello.pl\/index.php\/wp-json\/wp\/v2\/types\/product"}],"wp:featuredmedia":[{"embeddable":true,"href":"https:\/\/porticello.pl\/index.php\/wp-json\/wp\/v2\/media\/1870"}],"wp:attachment":[{"href":"https:\/\/porticello.pl\/index.php\/wp-json\/wp\/v2\/media?parent=1867"}],"wp:term":[{"taxonomy":"product_brand","embeddable":true,"href":"https:\/\/porticello.pl\/index.php\/wp-json\/wp\/v2\/product_brand?post=1867"},{"taxonomy":"product_cat","embeddable":true,"href":"https:\/\/porticello.pl\/index.php\/wp-json\/wp\/v2\/product_cat?post=1867"},{"taxonomy":"product_tag","embeddable":true,"href":"https:\/\/porticello.pl\/index.php\/wp-json\/wp\/v2\/product_tag?post=1867"}],"curies":[{"name":"wp","href":"https:\/\/api.w.org\/{rel}","templated":true}]}}