{"id":1872,"date":"2025-11-23T18:18:18","date_gmt":"2025-11-23T17:18:18","guid":{"rendered":"https:\/\/porticello.pl\/?post_type=product&#038;p=1872"},"modified":"2025-11-23T18:18:19","modified_gmt":"2025-11-23T17:18:19","slug":"burn","status":"publish","type":"product","link":"https:\/\/porticello.pl\/index.php\/product\/burn\/","title":{"rendered":"Burn"},"content":{"rendered":"<p>Burn Original 0,25 L to energetyczny nap\u00f3j gazowany idealny dla os\u00f3b, kt\u00f3re potrzebuj\u0105 pobudzenia.<br \/>\n\u015awietnie pasuje do pizzy, fast-food\u00f3w i da\u0144 z mocniejszym charakterem.<br \/>\nMa intensywny smak, przyjemn\u0105 s\u0142odycz i pozostawia energetyczny efekt.<\/p>\n","protected":false},"excerpt":{"rendered":"<p>Energetyk Burn w klasycznym smaku.<\/p>\n","protected":false},"featured_media":1874,"template":"","meta":[],"product_brand":[],"product_cat":[35],"product_tag":[109,158,160,159],"class_list":{"0":"post-1872","1":"product","2":"type-product","3":"status-publish","4":"has-post-thumbnail","6":"product_cat-napoje","7":"product_tag-burn","8":"product_tag-burn-original","9":"product_tag-energy-drink","10":"product_tag-napoj-energetyczny","12":"first","13":"instock","14":"taxable","15":"shipping-taxable","16":"purchasable","17":"product-type-variable","18":"has-default-attributes"},"jetpack_sharing_enabled":true,"_links":{"self":[{"href":"https:\/\/porticello.pl\/index.php\/wp-json\/wp\/v2\/product\/1872","targetHints":{"allow":["GET"]}}],"collection":[{"href":"https:\/\/porticello.pl\/index.php\/wp-json\/wp\/v2\/product"}],"about":[{"href":"https:\/\/porticello.pl\/index.php\/wp-json\/wp\/v2\/types\/product"}],"wp:featuredmedia":[{"embeddable":true,"href":"https:\/\/porticello.pl\/index.php\/wp-json\/wp\/v2\/media\/1874"}],"wp:attachment":[{"href":"https:\/\/porticello.pl\/index.php\/wp-json\/wp\/v2\/media?parent=1872"}],"wp:term":[{"taxonomy":"product_brand","embeddable":true,"href":"https:\/\/porticello.pl\/index.php\/wp-json\/wp\/v2\/product_brand?post=1872"},{"taxonomy":"product_cat","embeddable":true,"href":"https:\/\/porticello.pl\/index.php\/wp-json\/wp\/v2\/product_cat?post=1872"},{"taxonomy":"product_tag","embeddable":true,"href":"https:\/\/porticello.pl\/index.php\/wp-json\/wp\/v2\/product_tag?post=1872"}],"curies":[{"name":"wp","href":"https:\/\/api.w.org\/{rel}","templated":true}]}}